{"id":64,"date":"2016-12-08T14:43:08","date_gmt":"2016-12-08T13:43:08","guid":{"rendered":"http:\/\/blueline-data.com\/?page_id=64"},"modified":"2016-12-08T14:47:36","modified_gmt":"2016-12-08T13:47:36","slug":"mentions-legales","status":"publish","type":"page","link":"https:\/\/blueline-data.com\/index.php\/mentions-legales\/","title":{"rendered":"Mentions l\u00e9gales"},"content":{"rendered":"<p>Vous \u00eates actuellement connect\u00e9 au site web de la soci\u00e9t\u00e9<br \/>\nBlueLine Data\u00a0(<a href=\"http:\/\/www.diane-consulting.com\/\">http:\/\/www.blueline-data.com<\/a>)<br \/>\nH\u00e9bergeur :\u00a0OVH<br \/>\nDirecteur de la publication :\u00a0Fr\u00e9d\u00e9ric Tomaszewski<\/p>\n<p>BlueLine Data est une SAS au capital de 3.000 \u20ac, immatricul\u00e9e au Registre du Commerce et des Soci\u00e9t\u00e9s de Nantes sous le n\u00b0 824 087 969 00013, ayant son si\u00e8ge social au 28 rue\u00a0du Pinier 44830 BOUAYE.<\/p>\n","protected":false},"excerpt":{"rendered":"<p>Vous \u00eates actuellement connect\u00e9 au site web de la soci\u00e9t\u00e9 BlueLine Data\u00a0(http:\/\/www.blueline-data.com) H\u00e9bergeur :\u00a0OVH Directeur de la publication :\u00a0Fr\u00e9d\u00e9ric Tomaszewski BlueLine Data est une SAS au capital de 3.000 \u20ac, immatricul\u00e9e au Registre du Commerce et des Soci\u00e9t\u00e9s de Nantes sous le n\u00b0 824 087 969 00013, ayant son si\u00e8ge social au 28 rue\u00a0du Pinier &hellip; <\/p>\n<p class=\"link-more\"><a href=\"https:\/\/blueline-data.com\/index.php\/mentions-legales\/\" class=\"more-link\">Read More<span class=\"screen-reader-text\"> &#8220;Mentions l\u00e9gales&#8221;<\/span><\/a><\/p>\n","protected":false},"author":1,"featured_media":0,"parent":0,"menu_order":0,"comment_status":"closed","ping_status":"closed","template":"","meta":[],"_links":{"self":[{"href":"https:\/\/blueline-data.com\/index.php\/wp-json\/wp\/v2\/pages\/64"}],"collection":[{"href":"https:\/\/blueline-data.com\/index.php\/wp-json\/wp\/v2\/pages"}],"about":[{"href":"https:\/\/blueline-data.com\/index.php\/wp-json\/wp\/v2\/types\/page"}],"author":[{"embeddable":true,"href":"https:\/\/blueline-data.com\/index.php\/wp-json\/wp\/v2\/users\/1"}],"replies":[{"embeddable":true,"href":"https:\/\/blueline-data.com\/index.php\/wp-json\/wp\/v2\/comments?post=64"}],"version-history":[{"count":3,"href":"https:\/\/blueline-data.com\/index.php\/wp-json\/wp\/v2\/pages\/64\/revisions"}],"predecessor-version":[{"id":71,"href":"https:\/\/blueline-data.com\/index.php\/wp-json\/wp\/v2\/pages\/64\/revisions\/71"}],"wp:attachment":[{"href":"https:\/\/blueline-data.com\/index.php\/wp-json\/wp\/v2\/media?parent=64"}],"curies":[{"name":"wp","href":"https:\/\/api.w.org\/{rel}","templated":true}]}}