{"id":20,"date":"2016-12-07T16:29:47","date_gmt":"2016-12-07T15:29:47","guid":{"rendered":"http:\/\/blueline-data.com\/?page_id=20"},"modified":"2020-12-11T11:30:15","modified_gmt":"2020-12-11T10:30:15","slug":"missions","status":"publish","type":"page","link":"https:\/\/blueline-data.com\/index.php\/missions\/","title":{"rendered":"Mission"},"content":{"rendered":"\n<p>Lors d&#8217;un marathon, la \u00ab ligne bleue \u00bb peinte au sol indique la trajectoire id\u00e9ale pour r\u00e9aliser le parcours en un minimum de temps : <span style=\"color: #0000ff;\">BlueLine<\/span> <span style=\"color: #ff6600;\">Data<\/span> vous guide jusqu&#8217;\u00e0 l\u2019aboutissement de votre projet et vous permet de piloter votre activit\u00e9 dans les meilleures conditions.<\/p>\n\n\n\n<p class=\"has-text-align-center\"><a href=\"http:\/\/blueline-data.com\/index.php\/contactez-nous\/\">Vos projets&nbsp; <\/a><\/p>\n\n\n\n<div class=\"wp-block-image\"><figure class=\"alignleft is-resized\"><img loading=\"lazy\" src=\"http:\/\/blueline-data.com\/wp-content\/uploads\/2019\/03\/Capture_mission.png\" alt=\"\" class=\"wp-image-173\" width=\"790\" height=\"330\" srcset=\"https:\/\/blueline-data.com\/wp-content\/uploads\/2019\/03\/Capture_mission.png 832w, https:\/\/blueline-data.com\/wp-content\/uploads\/2019\/03\/Capture_mission-300x125.png 300w, https:\/\/blueline-data.com\/wp-content\/uploads\/2019\/03\/Capture_mission-768x321.png 768w\" sizes=\"(max-width: 790px) 100vw, 790px\" \/><\/figure><\/div>\n\n\n\n<p class=\"has-text-align-center\"><a href=\"http:\/\/blueline-data.com\/index.php\/contactez-nous\/\">Contactez-nous<\/a><\/p>\n","protected":false},"excerpt":{"rendered":"<p>Lors d&#8217;un marathon, la \u00ab ligne bleue \u00bb peinte au sol indique la trajectoire id\u00e9ale pour r\u00e9aliser le parcours en un minimum de temps : BlueLine Data vous guide jusqu&#8217;\u00e0 l\u2019aboutissement de votre projet et vous permet de piloter votre activit\u00e9 dans les meilleures conditions. Vos projets&nbsp; Contactez-nous<\/p>\n","protected":false},"author":1,"featured_media":0,"parent":0,"menu_order":0,"comment_status":"closed","ping_status":"closed","template":"","meta":[],"_links":{"self":[{"href":"https:\/\/blueline-data.com\/index.php\/wp-json\/wp\/v2\/pages\/20"}],"collection":[{"href":"https:\/\/blueline-data.com\/index.php\/wp-json\/wp\/v2\/pages"}],"about":[{"href":"https:\/\/blueline-data.com\/index.php\/wp-json\/wp\/v2\/types\/page"}],"author":[{"embeddable":true,"href":"https:\/\/blueline-data.com\/index.php\/wp-json\/wp\/v2\/users\/1"}],"replies":[{"embeddable":true,"href":"https:\/\/blueline-data.com\/index.php\/wp-json\/wp\/v2\/comments?post=20"}],"version-history":[{"count":25,"href":"https:\/\/blueline-data.com\/index.php\/wp-json\/wp\/v2\/pages\/20\/revisions"}],"predecessor-version":[{"id":189,"href":"https:\/\/blueline-data.com\/index.php\/wp-json\/wp\/v2\/pages\/20\/revisions\/189"}],"wp:attachment":[{"href":"https:\/\/blueline-data.com\/index.php\/wp-json\/wp\/v2\/media?parent=20"}],"curies":[{"name":"wp","href":"https:\/\/api.w.org\/{rel}","templated":true}]}}