{"id":2,"date":"2016-12-07T14:27:59","date_gmt":"2016-12-07T13:27:59","guid":{"rendered":"http:\/\/blueline-data.com\/?page_id=2"},"modified":"2019-02-20T17:57:07","modified_gmt":"2019-02-20T16:57:07","slug":"page-d-exemple","status":"publish","type":"page","link":"https:\/\/blueline-data.com\/","title":{"rendered":"Savoir pour bien d\u00e9cider"},"content":{"rendered":"<p style=\"text-align: justify;\"><span style=\"color: #0000ff;\">BlueLine<\/span> <span style=\"color: #ff6600;\">Data<\/span>\u00a0est un cabinet de conseil en syst\u00e8mes et logiciels informatiques, sp\u00e9cialis\u00e9 dans la Data Intelligence.<\/p>\n<p style=\"text-align: justify;\"><img loading=\"lazy\" class=\"aligncenter wp-image-52 size-full\" src=\"http:\/\/blueline-data.com\/wp-content\/uploads\/2016\/12\/savoirfaire_3points-2.png\" alt=\"savoirfaire_3points\" width=\"866\" height=\"213\" srcset=\"https:\/\/blueline-data.com\/wp-content\/uploads\/2016\/12\/savoirfaire_3points-2.png 866w, https:\/\/blueline-data.com\/wp-content\/uploads\/2016\/12\/savoirfaire_3points-2-300x74.png 300w, https:\/\/blueline-data.com\/wp-content\/uploads\/2016\/12\/savoirfaire_3points-2-768x189.png 768w\" sizes=\"(max-width: 866px) 100vw, 866px\" \/><\/p>\n<p style=\"text-align: justify;\">Notre objectif est de tirer profit d&#8217;une exploitation intelligente des donn\u00e9es, en phase avec le coeur de m\u00e9tier de nos clients, et de contribuer ainsi \u00e0 leurs succ\u00e8s futurs.<\/p>\n<p style=\"text-align: justify;\">Piloter une entreprise, manager un service, c&#8217;est savoir <strong>mesurer et d\u00e9cider<\/strong> : stocker, interroger, exploiter, analyser les donn\u00e9es d&#8217;une entreprise, transformer les donn\u00e9es brutes en informations pertinentes, restituer les indicateurs cl\u00e9s de performance sont autant de leviers d\u00e9finissant l\u2019informatique d\u00e9cisionnelle.<\/p>\n<p style=\"text-align: justify;\">Les b\u00e9n\u00e9fices d&#8217;une bonne exploitation des donn\u00e9es d&#8217;une entreprise sont nombreux :<\/p>\n<ol>\n<li style=\"list-style-type: none;\">\n<ol>\n<li style=\"text-align: justify;\">Prise de d\u00e9cision\u00a0\/ Anticipation<\/li>\n<li style=\"text-align: justify;\">Am\u00e9lioration de la connaissance de vos prospects \/ clients, de vos process de production<\/li>\n<li style=\"text-align: justify;\">Am\u00e9lioration de la performance Marketing, Commerciale, de production<\/li>\n<li style=\"text-align: justify;\">Gain de temps<\/li>\n<\/ol>\n<\/li>\n<\/ol>\n<ol>\n<li style=\"list-style-type: none;\">\u00a0<\/li>\n<\/ol>\n\n\n<p><\/p>\n","protected":false},"excerpt":{"rendered":"<p>BlueLine Data\u00a0est un cabinet de conseil en syst\u00e8mes et logiciels informatiques, sp\u00e9cialis\u00e9 dans la Data Intelligence. Notre objectif est de tirer profit d&#8217;une exploitation intelligente des donn\u00e9es, en phase avec le coeur de m\u00e9tier de nos clients, et de contribuer ainsi \u00e0 leurs succ\u00e8s futurs. Piloter une entreprise, manager un service, c&#8217;est savoir mesurer et &hellip; <\/p>\n<p class=\"link-more\"><a href=\"https:\/\/blueline-data.com\/\" class=\"more-link\">Read More<span class=\"screen-reader-text\"> &#8220;Savoir pour bien d\u00e9cider&#8221;<\/span><\/a><\/p>\n","protected":false},"author":1,"featured_media":0,"parent":0,"menu_order":0,"comment_status":"closed","ping_status":"open","template":"","meta":[],"_links":{"self":[{"href":"https:\/\/blueline-data.com\/index.php\/wp-json\/wp\/v2\/pages\/2"}],"collection":[{"href":"https:\/\/blueline-data.com\/index.php\/wp-json\/wp\/v2\/pages"}],"about":[{"href":"https:\/\/blueline-data.com\/index.php\/wp-json\/wp\/v2\/types\/page"}],"author":[{"embeddable":true,"href":"https:\/\/blueline-data.com\/index.php\/wp-json\/wp\/v2\/users\/1"}],"replies":[{"embeddable":true,"href":"https:\/\/blueline-data.com\/index.php\/wp-json\/wp\/v2\/comments?post=2"}],"version-history":[{"count":9,"href":"https:\/\/blueline-data.com\/index.php\/wp-json\/wp\/v2\/pages\/2\/revisions"}],"predecessor-version":[{"id":107,"href":"https:\/\/blueline-data.com\/index.php\/wp-json\/wp\/v2\/pages\/2\/revisions\/107"}],"wp:attachment":[{"href":"https:\/\/blueline-data.com\/index.php\/wp-json\/wp\/v2\/media?parent=2"}],"curies":[{"name":"wp","href":"https:\/\/api.w.org\/{rel}","templated":true}]}}